{"id":3410,"date":"2024-02-19T23:47:01","date_gmt":"2024-02-19T23:47:01","guid":{"rendered":"https:\/\/experiance.com\/?page_id=3410"},"modified":"2024-04-19T20:36:08","modified_gmt":"2024-04-19T20:36:08","slug":"rockcast-podcast","status":"publish","type":"page","link":"https:\/\/experiance.com\/index.php\/rockcast-podcast\/","title":{"rendered":"RockCast Podcast"},"content":{"rendered":"<div class=\"wpb-content-wrapper\"><p>[vc_row full_width=&#8221;stretch_row&#8221; full_height=&#8221;yes&#8221; video_bg=&#8221;yes&#8221; video_bg_url=&#8221;https:\/\/www.youtube.com\/watch?v=DG92aaJR-nM&amp;embeds_referring_euri=https%3A%2F%2Fexperiance.com%2F&amp;feature=emb_imp_woyt&#8221; css=&#8221;.vc_custom_1668205457996{background-position: center !important;background-repeat: no-repeat !important;background-size: cover !important;}&#8221;][vc_column width=&#8221;1\/6&#8243;][\/vc_column][vc_column width=&#8221;2\/3&#8243;][vc_column_text]<\/p>\n<h1 class=\"page-title\" style=\"text-align: left;\"><img data-opt-id=1124998863  fetchpriority=\"high\" decoding=\"async\" class=\"alignnone wp-image-3529 aligncenter\" style=\"font-size: 16px; font-weight: 400;\" src=\"https:\/\/mlweaxy0gget.i.optimole.com\/w:auto\/h:auto\/q:mauto\/ig:avif\/http:\/\/experiance.com\/wp-content\/uploads\/2024\/02\/Logo-rockcast-recortado-png.png\" alt=\"\" width=\"152\" height=\"176\" \/><\/h1>\n<h4 style=\"text-align: center;\"><span style=\"color: #ffffff;\">Transformando equipos 1% cada semana<\/span><\/h4>\n<p>[\/vc_column_text][\/vc_column][vc_column width=&#8221;1\/6&#8243;][\/vc_column][\/vc_row][vc_row][vc_column][vc_empty_space][\/vc_column][\/vc_row][vc_row full_width=&#8221;stretch_row_content&#8221; equal_height=&#8221;yes&#8221; content_placement=&#8221;middle&#8221;][vc_column width=&#8221;1\/12&#8243;][\/vc_column][vc_column width=&#8221;6\/12&#8243;][vc_column_text]<\/p>\n<h3>Cambia el juego gerencial 1% por semana.<\/h3>\n<p>El arte de gerenciar se pone una cita en RockCast. L\u00edderes de todos los niveles y backgrounds se re\u00fanen aqu\u00ed para explorar c\u00f3mo construir empresas innovadoras y equipos de alto rendimiento&#8230; desde luego con buen caf\u00e9 y rock and roll.[\/vc_column_text][vc_images_carousel images=&#8221;3556,3562,3560,3559,3561,3563&#8243; img_size=&#8221;200&#215;200&#8243; onclick=&#8221;link_no&#8221; speed=&#8221;2000&#8243; slides_per_view=&#8221;3&#8243; autoplay=&#8221;yes&#8221; hide_pagination_control=&#8221;yes&#8221; wrap=&#8221;yes&#8221; css_animation=&#8221;fadeInLeft&#8221;][\/vc_column][vc_column width=&#8221;4\/12&#8243; css=&#8221;.vc_custom_1708365516308{background-color: #dbca99 !important;border-radius: 5px !important;}&#8221;][vc_column_text]<\/p>\n<h3 style=\"text-align: center;\">SUSCR\u00cdBETE AL PODCAST<\/h3>\n<hr \/>\n<h3 style=\"text-align: center;\"><\/h3>\n<p>[\/vc_column_text]\n<div class=\"wpcf7 no-js\" id=\"wpcf7-f3384-o1\" lang=\"en-US\" dir=\"ltr\">\n<div class=\"screen-reader-response\"><p role=\"status\" aria-live=\"polite\" aria-atomic=\"true\"><\/p> <ul><\/ul><\/div>\n<form action=\"\/index.php\/wp-json\/wp\/v2\/pages\/3410#wpcf7-f3384-o1\" method=\"post\" class=\"wpcf7-form init\" aria-label=\"Contact form\" novalidate=\"novalidate\" data-status=\"init\">\n<div style=\"display: none;\">\n<input type=\"hidden\" name=\"_wpcf7\" value=\"3384\" \/>\n<input type=\"hidden\" name=\"_wpcf7_version\" value=\"5.8.7\" \/>\n<input type=\"hidden\" name=\"_wpcf7_locale\" value=\"en_US\" \/>\n<input type=\"hidden\" name=\"_wpcf7_unit_tag\" value=\"wpcf7-f3384-o1\" \/>\n<input type=\"hidden\" name=\"_wpcf7_container_post\" value=\"0\" \/>\n<input type=\"hidden\" name=\"_wpcf7_posted_data_hash\" value=\"\" \/>\n<\/div>\n<p><label> Nombre y apellido<br \/>\n<span class=\"wpcf7-form-control-wrap\" data-name=\"your-last-name\"><input size=\"40\" class=\"wpcf7-form-control wpcf7-text wpcf7-validates-as-required\" autocomplete=\"name\" aria-required=\"true\" aria-invalid=\"false\" value=\"\" type=\"text\" name=\"your-last-name\" \/><\/span> <\/label>\n<\/p>\n<p><label> Cargo<br \/>\n<span class=\"wpcf7-form-control-wrap\" data-name=\"menu-278\"><select class=\"wpcf7-form-control wpcf7-select wpcf7-validates-as-required\" aria-required=\"true\" aria-invalid=\"false\" name=\"menu-278\"><option value=\"\">&#8212;Please choose an option&#8212;<\/option><option value=\"Administrativo \/ Operativo\">Administrativo \/ Operativo<\/option><option value=\"Especialista \/ Analista\">Especialista \/ Analista<\/option><option value=\"Supervisor \/ Coordinador\">Supervisor \/ Coordinador<\/option><option value=\"Gerente \/ Head\">Gerente \/ Head<\/option><option value=\"Director \/ VP\">Director \/ VP<\/option><\/select><\/span> <\/label>\n<\/p>\n<p><label> Pa\u00eds<br \/>\n<span class=\"wpcf7-form-control-wrap\" data-name=\"menu-279\"><select class=\"wpcf7-form-control wpcf7-select wpcf7-validates-as-required\" aria-required=\"true\" aria-invalid=\"false\" name=\"menu-279\"><option value=\"\">&#8212;Please choose an option&#8212;<\/option><option value=\"Argentina\">Argentina<\/option><option value=\"Bolivia\">Bolivia<\/option><option value=\"Brasil\">Brasil<\/option><option value=\"Canad\u00e1\">Canad\u00e1<\/option><option value=\"Chile\">Chile<\/option><option value=\"Colombia\">Colombia<\/option><option value=\"Costa Rica\">Costa Rica<\/option><option value=\"Ecuador\">Ecuador<\/option><option value=\"El Salvador\">El Salvador<\/option><option value=\"Espa\u00f1a\">Espa\u00f1a<\/option><option value=\"Estados Unidos\">Estados Unidos<\/option><option value=\"Guatemala\">Guatemala<\/option><option value=\"Honduras\">Honduras<\/option><option value=\"M\u00e9xico\">M\u00e9xico<\/option><option value=\"Nicaragua\">Nicaragua<\/option><option value=\"Panam\u00e1\">Panam\u00e1<\/option><option value=\"Paraguay\">Paraguay<\/option><option value=\"Per\u00fa\">Per\u00fa<\/option><option value=\"Rep\u00fablica Dominicana\">Rep\u00fablica Dominicana<\/option><option value=\"Uruguay\">Uruguay<\/option><option value=\"Venezuela\">Venezuela<\/option><option value=\"-Otro pa\u00eds-\">-Otro pa\u00eds-<\/option><\/select><\/span> <\/label>\n<\/p>\n<p><label> Tu email<br \/>\n<span class=\"wpcf7-form-control-wrap\" data-name=\"email-307\"><input size=\"40\" class=\"wpcf7-form-control wpcf7-email wpcf7-validates-as-required wpcf7-text wpcf7-validates-as-email\" aria-required=\"true\" aria-invalid=\"false\" value=\"\" type=\"email\" name=\"email-307\" \/><\/span><br \/>\n<input class=\"wpcf7-form-control wpcf7-submit has-spinner\" type=\"submit\" value=\"Suscribirse a RockCast\" \/><\/label>\n<\/p><div class=\"wpcf7-response-output\" aria-hidden=\"true\"><\/div>\n<\/form>\n<\/div>\n[\/vc_column][vc_column width=&#8221;1\/12&#8243;][\/vc_column][\/vc_row][vc_row][vc_column][vc_empty_space height=&#8221;50px&#8221;][\/vc_column][\/vc_row][vc_row][vc_column][vc_separator color=&#8221;orange&#8221; border_width=&#8221;5&#8243;][\/vc_column][\/vc_row][vc_row][vc_column][vc_empty_space height=&#8221;50px&#8221;][\/vc_column][\/vc_row][vc_row full_width=&#8221;stretch_row_content&#8221; equal_height=&#8221;yes&#8221; content_placement=&#8221;middle&#8221;][vc_column width=&#8221;1\/12&#8243;][\/vc_column][vc_column width=&#8221;1\/3&#8243; css=&#8221;.vc_custom_1485790194228{padding-right: 15% !important;padding-left: 15% !important;}&#8221;][vc_column_text]<\/p>\n<h3>ANATOM\u00cdA DEL LIDERAZGO<\/h3>\n<p>[\/vc_column_text][vc_column_text]Gerente general de una multinacional farmac\u00e9utica explica las distintas facetas, insights y tips de liderazgo necesarios para llegar a ser CEO.[\/vc_column_text][vc_column_text]<\/p>\n<h5>CARMENZA ALARC\u00d3N<\/h5>\n<p>General Manager de Sanofi CHC Brasil[\/vc_column_text][vc_btn title=&#8221;Ver Podcast&#8221; color=&#8221;black&#8221; link=&#8221;url:https%3A%2F%2Fexperiance.com%2Findex.php%2F2024%2F04%2F19%2Fanatomia-del-liderazgo%2F&#8221;][\/vc_column][vc_column width=&#8221;7\/12&#8243;][vc_single_image image=&#8221;3603&#8243; img_size=&#8221;686&#215;386&#8243; add_caption=&#8221;yes&#8221; style=&#8221;vc_box_shadow&#8221; onclick=&#8221;custom_link&#8221; img_link_target=&#8221;_blank&#8221; link=&#8221;https:\/\/experiance.com\/index.php\/2024\/04\/19\/anatomia-del-liderazgo\/&#8221;][\/vc_column][vc_column][\/vc_column][\/vc_row][vc_row][vc_column][vc_empty_space][\/vc_column][\/vc_row][vc_row][vc_column][vc_separator border_width=&#8221;5&#8243; el_width=&#8221;80&#8243;][\/vc_column][\/vc_row][vc_row][vc_column][vc_empty_space][\/vc_column][\/vc_row][vc_row full_width=&#8221;stretch_row_content&#8221; equal_height=&#8221;yes&#8221; content_placement=&#8221;middle&#8221;][vc_column width=&#8221;1\/12&#8243;][\/vc_column][vc_column width=&#8221;1\/3&#8243; css=&#8221;.vc_custom_1485790194228{padding-right: 15% !important;padding-left: 15% !important;}&#8221;][vc_column_text]<\/p>\n<h3>ANATOM\u00cdA DE LA CULTURA<\/h3>\n<p>[\/vc_column_text][vc_column_text]Dos directoras de talento humano, madre e hija, se enfrentan en un cara a cara sobre cultura corporativa de alto rendimiento.[\/vc_column_text][vc_column_text]<\/p>\n<h5>MARIA VICTORIA SERRANO<\/h5>\n<p>Directora de Talento Humano en Quala<\/p>\n<h5>DANIELA ROM\u00c1N<\/h5>\n<p>Head of People en Apiux Tecnolog\u00eda[\/vc_column_text][vc_btn title=&#8221;Ver Podcast&#8221; color=&#8221;black&#8221; link=&#8221;url:https%3A%2F%2Fexperiance.com%2Findex.php%2F2024%2F02%2F16%2Fanatomia-de-la-cultura-podcast%2F&#8221;][\/vc_column][vc_column width=&#8221;7\/12&#8243;][vc_single_image image=&#8221;3368&#8243; img_size=&#8221;686&#215;386&#8243; add_caption=&#8221;yes&#8221; style=&#8221;vc_box_shadow&#8221; onclick=&#8221;custom_link&#8221; img_link_target=&#8221;_blank&#8221; link=&#8221;https:\/\/experiance.com\/index.php\/2024\/02\/16\/anatomia-de-la-cultura-podcast\/&#8221;][\/vc_column][vc_column][\/vc_column][\/vc_row][vc_row][vc_column][vc_empty_space][\/vc_column][\/vc_row][vc_row][vc_column][vc_separator border_width=&#8221;5&#8243; el_width=&#8221;80&#8243;][\/vc_column][\/vc_row][vc_row][vc_column][vc_empty_space][\/vc_column][\/vc_row][vc_row full_width=&#8221;stretch_row_content&#8221; equal_height=&#8221;yes&#8221; content_placement=&#8221;middle&#8221;][vc_column width=&#8221;1\/12&#8243;][\/vc_column][vc_column width=&#8221;1\/3&#8243; css=&#8221;.vc_custom_1485790194228{padding-right: 15% !important;padding-left: 15% !important;}&#8221;][vc_column_text]<\/p>\n<h3>ANATOM\u00cdA DE LA \u00c9TICA<\/h3>\n<p>[\/vc_column_text][vc_column_text]Ex-Director de Compliance de Johnson &amp; Johnson desnuda las buenas (y malas) pr\u00e1cticas de la \u00e9tica corporativa. &#8220;Ah\u00f3rrate problemas&#8221;, dice.[\/vc_column_text][vc_column_text]<\/p>\n<h5>MANUEL DE ANGULO<\/h5>\n<p>Global Compliance Director en ASP[\/vc_column_text][vc_btn title=&#8221;Ver Podcast&#8221; color=&#8221;black&#8221; link=&#8221;url:https%3A%2F%2Fexperiance.com%2Findex.php%2F2024%2F01%2F31%2Fanatomia-de-la-etica-corporativa-podcast%2F|title:Anatom%C3%ADa%20de%20la%20%C3%A9tica%20%E2%80%93%20Podcast&#8221;][\/vc_column][vc_column width=&#8221;7\/12&#8243;][vc_single_image image=&#8221;3298&#8243; img_size=&#8221;686&#215;386&#8243; add_caption=&#8221;yes&#8221; style=&#8221;vc_box_shadow&#8221; onclick=&#8221;custom_link&#8221; img_link_target=&#8221;_blank&#8221; link=&#8221;https:\/\/experiance.com\/index.php\/2024\/01\/31\/anatomia-de-la-etica-corporativa-podcast\/&#8221;][\/vc_column][vc_column][\/vc_column][\/vc_row][vc_row][vc_column][vc_empty_space][\/vc_column][\/vc_row][vc_row][vc_column][vc_separator border_width=&#8221;5&#8243; el_width=&#8221;80&#8243;][\/vc_column][\/vc_row][vc_row][vc_column][vc_empty_space][\/vc_column][\/vc_row][vc_row full_width=&#8221;stretch_row_content&#8221; equal_height=&#8221;yes&#8221; content_placement=&#8221;middle&#8221;][vc_column width=&#8221;1\/12&#8243;][\/vc_column][vc_column width=&#8221;1\/3&#8243; css=&#8221;.vc_custom_1485790194228{padding-right: 15% !important;padding-left: 15% !important;}&#8221;][vc_column_text]<\/p>\n<h3>ANATOM\u00cdA DE UN MILENIAL<\/h3>\n<p>[\/vc_column_text][vc_column_text]Milenial colombiana revela el secreto para entender y gestionar excepcionalmente a la &#8220;Generaci\u00f3n Y&#8221; en las empresas.[\/vc_column_text][vc_column_text]<\/p>\n<h5>SOF\u00cdA DIAZ-GRANADOS<\/h5>\n<p>Culture and Communications Global Manager en XPD Global[\/vc_column_text][vc_btn title=&#8221;Ver podcast&#8221; color=&#8221;black&#8221; link=&#8221;url:https%3A%2F%2Fexperiance.com%2Findex.php%2F2024%2F01%2F17%2Fanatomia-de-un-milenial%2F&#8221;][\/vc_column][vc_column width=&#8221;7\/12&#8243;][vc_single_image image=&#8221;3268&#8243; img_size=&#8221;686&#215;386&#8243; add_caption=&#8221;yes&#8221; style=&#8221;vc_box_shadow&#8221; onclick=&#8221;custom_link&#8221; img_link_target=&#8221;_blank&#8221; link=&#8221;https:\/\/experiance.com\/index.php\/2024\/01\/17\/anatomia-de-un-milenial\/&#8221;][\/vc_column][vc_column][\/vc_column][\/vc_row][vc_row][vc_column][vc_empty_space height=&#8221;50px&#8221;][vc_separator color=&#8221;orange&#8221; border_width=&#8221;5&#8243;][vc_empty_space][\/vc_column][\/vc_row][vc_row full_height=&#8221;yes&#8221; columns_placement=&#8221;top&#8221;][vc_column width=&#8221;1\/4&#8243;][\/vc_column][vc_column width=&#8221;1\/2&#8243;][vc_column_text]<\/p>\n<h4 style=\"text-align: center;\">CONOCE A PABLO RABELO<\/h4>\n<p>[\/vc_column_text][vc_single_image image=&#8221;3582&#8243; img_size=&#8221;LARGE&#8221;][vc_column_text]<strong>Pablo Rabelo es empresario, consultor, director creativo, conferencista, youtuber y aventurero destacado en Forbes, Revista Diners y otros medios.<\/strong> Con +14 a\u00f1os de experiencia en el sector creativo en Experiance y de consultor\u00eda en McKinsey, <strong>Pablo dirige y presenta RockCast Podcast<\/strong>. Es nacido en Francia, colombiano, brasilero, administrador de empresas y recorre el mundo en moto.[\/vc_column_text][vc_single_image image=&#8221;3585&#8243; img_size=&#8221;30X30&#8243; alignment=&#8221;center&#8221; onclick=&#8221;custom_link&#8221; link=&#8221;https:\/\/www.linkedin.com\/in\/pablorabelo\/&#8221;][\/vc_column][vc_column width=&#8221;1\/4&#8243;][\/vc_column][\/vc_row][vc_row][vc_column][vc_separator color=&#8221;orange&#8221; border_width=&#8221;5&#8243;][\/vc_column][\/vc_row][vc_row full_width=&#8221;stretch_row_content_no_spaces&#8221; css=&#8221;.vc_custom_1485792423779{margin-bottom: 75px !important;}&#8221;][vc_column width=&#8221;1\/12&#8243; css=&#8221;.vc_custom_1485785612724{padding-top: 0px !important;padding-bottom: 0px !important;}&#8221;][\/vc_column][vc_column width=&#8221;5\/12&#8243;][vc_cta h2=&#8221;PAUTA EN ROCKCAST&#8221;]Para continuar generando impacto, RockCast busca patrocinadores afines con temas de empresa y con inter\u00e9s en conectar con audiencias gerenciales en hispanoam\u00e9rica. Escr\u00edbenos a negocios@experiance.com[\/vc_cta][vc_column_text]<\/p>\n<p style=\"text-align: center;\">Experiance es una compa\u00f1\u00eda creativa de transformaci\u00f3n cultural y marca empleadora. Implementamos contenidos, actividades y talleres que ayudan a las empresas a mejorar 1% por semana.<\/p>\n<p>[\/vc_column_text][vc_column_text]<\/p>\n<h5 style=\"text-align: center;\">hola@experiance.com | negocios@experiance.com<\/h5>\n<p>[\/vc_column_text][\/vc_column][vc_column width=&#8221;5\/12&#8243;][vc_column_text]<\/p>\n<h3 style=\"text-align: center;\">CLIENTES<\/h3>\n<p>[\/vc_column_text][vc_single_image image=&#8221;3100&#8243; img_size=&#8221;medium&#8221; alignment=&#8221;center&#8221;][\/vc_column][vc_column width=&#8221;1\/12&#8243;][\/vc_column][\/vc_row]<\/p>\n<\/div>","protected":false},"excerpt":{"rendered":"<p>[vc_row full_width=&#8221;stretch_row&#8221; full_height=&#8221;yes&#8221; video_bg=&#8221;yes&#8221; video_bg_url=&#8221;https:\/\/www.youtube.com\/watch?v=DG92aaJR-nM&amp;embeds_referring_euri=https%3A%2F%2Fexperiance.com%2F&amp;feature=emb_imp_woyt&#8221; css=&#8221;.vc_custom_1668205457996{background-position: center !important;background-repeat: no-repeat !important;background-size: cover !important;}&#8221;][vc_column width=&#8221;1\/6&#8243;][\/vc_column][vc_column width=&#8221;2\/3&#8243;][vc_column_text] Transformando equipos 1% cada semana [\/vc_column_text][\/vc_column][vc_column width=&#8221;1\/6&#8243;][\/vc_column][\/vc_row][vc_row][vc_column][vc_empty_space][\/vc_column][\/vc_row][vc_row full_width=&#8221;stretch_row_content&#8221; equal_height=&#8221;yes&#8221; content_placement=&#8221;middle&#8221;][vc_column width=&#8221;1\/12&#8243;][\/vc_column][vc_column width=&#8221;6\/12&#8243;][vc_column_text] Cambia el juego gerencial 1% por semana. El arte de gerenciar se pone una cita en RockCast. L\u00edderes de todos los niveles y backgrounds se re\u00fanen aqu\u00ed para explorar [&hellip;]<\/p>\n","protected":false},"author":1,"featured_media":0,"parent":0,"menu_order":0,"comment_status":"closed","ping_status":"closed","template":"page-full-width.php","meta":{"om_disable_all_campaigns":false,"_monsterinsights_skip_tracking":false,"_monsterinsights_sitenote_active":false,"_monsterinsights_sitenote_note":"","_monsterinsights_sitenote_category":0,"_uf_show_specific_survey":0,"_uf_disable_surveys":false,"footnotes":""},"aioseo_notices":[],"_links":{"self":[{"href":"https:\/\/experiance.com\/index.php\/wp-json\/wp\/v2\/pages\/3410"}],"collection":[{"href":"https:\/\/experiance.com\/index.php\/wp-json\/wp\/v2\/pages"}],"about":[{"href":"https:\/\/experiance.com\/index.php\/wp-json\/wp\/v2\/types\/page"}],"author":[{"embeddable":true,"href":"https:\/\/experiance.com\/index.php\/wp-json\/wp\/v2\/users\/1"}],"replies":[{"embeddable":true,"href":"https:\/\/experiance.com\/index.php\/wp-json\/wp\/v2\/comments?post=3410"}],"version-history":[{"count":160,"href":"https:\/\/experiance.com\/index.php\/wp-json\/wp\/v2\/pages\/3410\/revisions"}],"predecessor-version":[{"id":3616,"href":"https:\/\/experiance.com\/index.php\/wp-json\/wp\/v2\/pages\/3410\/revisions\/3616"}],"wp:attachment":[{"href":"https:\/\/experiance.com\/index.php\/wp-json\/wp\/v2\/media?parent=3410"}],"curies":[{"name":"wp","href":"https:\/\/api.w.org\/{rel}","templated":true}]}}