{"id":3226,"date":"2023-08-23T17:00:42","date_gmt":"2023-08-23T17:00:42","guid":{"rendered":"http:\/\/experiance.com\/?page_id=3226"},"modified":"2023-08-23T17:33:34","modified_gmt":"2023-08-23T17:33:34","slug":"convenciones-e-incentivos","status":"publish","type":"page","link":"https:\/\/experiance.com\/index.php\/home\/convenciones-e-incentivos\/","title":{"rendered":"Convenciones e incentivos"},"content":{"rendered":"<div class=\"wpb-content-wrapper\"><p>[vc_row full_width=&#8221;stretch_row&#8221; full_height=&#8221;yes&#8221; video_bg=&#8221;yes&#8221; video_bg_url=&#8221;https:\/\/www.youtube.com\/watch?v=oOdJBQ7FRKs&#8221; css=&#8221;.vc_custom_1668205457996{background-position: center !important;background-repeat: no-repeat !important;background-size: cover !important;}&#8221;][vc_column width=&#8221;1\/6&#8243;][\/vc_column][vc_column width=&#8221;2\/3&#8243;][vc_column_text]<\/p>\n<h1 class=\"page-title\" style=\"text-align: left;\"><span style=\"color: #ffffff;\">Incentivos<\/span><br \/>\n<span style=\"color: #ffffff;\">&amp; convenciones<\/span><\/h1>\n<h4><span style=\"color: #ffffff;\">Producimos experiencias de incentivo para convenciones y grupos corporativos<\/span><\/h4>\n<p>[\/vc_column_text][\/vc_column][vc_column width=&#8221;1\/6&#8243;][\/vc_column][\/vc_row][vc_row full_width=&#8221;stretch_row_content&#8221; equal_height=&#8221;yes&#8221; content_placement=&#8221;middle&#8221;][vc_column width=&#8221;1\/12&#8243;][\/vc_column][vc_column width=&#8221;1\/3&#8243; css=&#8221;.vc_custom_1485790194228{padding-right: 15% !important;padding-left: 15% !important;}&#8221;][vc_column_text]<\/p>\n<h3>VIAJES DE INCENTIVO<\/h3>\n<p>[\/vc_column_text][vc_column_text]Fidelizar a tus canales y colaboradores no es solo una cuesti\u00f3n de dinero sino de exclusividad. Ese v\u00ednculo humano que quieres desarrollar con ellos sucede en los viajes de incentivo \u00fanicos que dise\u00f1a Experiance m\u00e1s all\u00e1 de los enlatados de las agencias de viajes.[\/vc_column_text][vc_btn title=&#8221;Ver producci\u00f3n de videos&#8221; color=&#8221;warning&#8221; link=&#8221;url:http%3A%2F%2Fexperiance.com%2Findex.php%2Fhome%2Fvideos-corporativos%2F&#8221;][\/vc_column][vc_column width=&#8221;7\/12&#8243;][vc_video link=&#8221;https:\/\/youtu.be\/9JC1zxrhLTM&#8221; el_width=&#8221;80&#8243; align=&#8221;center&#8221;][\/vc_column][\/vc_row][vc_row][vc_column][vc_separator border_width=&#8221;5&#8243; el_width=&#8221;80&#8243;][\/vc_column][\/vc_row][vc_row full_width=&#8221;stretch_row_content&#8221; equal_height=&#8221;yes&#8221; content_placement=&#8221;middle&#8221;][vc_column width=&#8221;1\/12&#8243;][\/vc_column][vc_column width=&#8221;1\/3&#8243; css=&#8221;.vc_custom_1485790194228{padding-right: 15% !important;padding-left: 15% !important;}&#8221;][vc_column_text]<\/p>\n<h3>CONVENCIONES<\/h3>\n<p>[\/vc_column_text][vc_column_text]Si este es tu evento estrat\u00e9gico del a\u00f1o debe ser innovador, destacable y salir perfecto. Experiance tiene la experticia y los productos de convenciones que tu compa\u00f1\u00eda necesita para enganchar y brillar.[\/vc_column_text][vc_btn title=&#8221;Ver team buildings&#8221; color=&#8221;warning&#8221; link=&#8221;url:http%3A%2F%2Fexperiance.com%2Findex.php%2Fhome%2Fteam-building%2F&#8221;][\/vc_column][vc_column width=&#8221;7\/12&#8243;][vc_separator][vc_video link=&#8221;https:\/\/www.youtube.com\/watch?v=L5hROik69eg&#8221; el_width=&#8221;80&#8243; align=&#8221;center&#8221;][\/vc_column][vc_column][\/vc_column][\/vc_row][vc_row][vc_column][vc_separator color=&#8221;orange&#8221; border_width=&#8221;5&#8243;][\/vc_column][\/vc_row][vc_row full_width=&#8221;stretch_row_content&#8221; equal_height=&#8221;yes&#8221; content_placement=&#8221;middle&#8221;][vc_column width=&#8221;1\/12&#8243;][\/vc_column][vc_column width=&#8221;1\/3&#8243; css=&#8221;.vc_custom_1485790194228{padding-right: 15% !important;padding-left: 15% !important;}&#8221;][vc_column_text]<\/p>\n<h3>TOWN HALLS<\/h3>\n<p>[\/vc_column_text][vc_column_text]Mantener la estrategia en marcha durante el a\u00f1o requiere impulso trimestral y semestral. Los town hall y reunione sde ciclo de Experiance ofrecen formatos ya probados para re-enganchar a tu audiencia.[\/vc_column_text][vc_btn title=&#8221;Ver team buildings&#8221; color=&#8221;warning&#8221; link=&#8221;url:http%3A%2F%2Fexperiance.com%2Findex.php%2Fhome%2Fteam-building%2F&#8221;][\/vc_column][vc_column width=&#8221;7\/12&#8243;][vc_separator][vc_video link=&#8221;https:\/\/www.youtube.com\/watch?v=x__B9Emm800&#8243; el_width=&#8221;80&#8243; align=&#8221;center&#8221;][\/vc_column][vc_column][\/vc_column][\/vc_row][vc_row][vc_column][vc_separator color=&#8221;orange&#8221; border_width=&#8221;5&#8243;][\/vc_column][\/vc_row][vc_row full_width=&#8221;stretch_row_content_no_spaces&#8221; css=&#8221;.vc_custom_1485792423779{margin-bottom: 75px !important;}&#8221;][vc_column width=&#8221;1\/6&#8243; css=&#8221;.vc_custom_1485785612724{padding-top: 0px !important;padding-bottom: 0px !important;}&#8221;][\/vc_column][vc_column width=&#8221;2\/3&#8243;][vc_column_text]<\/p>\n<h3 style=\"text-align: center;\">CLIENTES<\/h3>\n<p>[\/vc_column_text][vc_column_text]<\/p>\n<h4 style=\"text-align: center;\">Multinacionales de primer nivel en Latinoam\u00e9rica<\/h4>\n<h4 style=\"text-align: center;\">eligen a Experiance.<\/h4>\n<p>[\/vc_column_text][vc_single_image image=&#8221;3100&#8243; img_size=&#8221;large&#8221; alignment=&#8221;center&#8221;][\/vc_column][vc_column width=&#8221;1\/6&#8243;][\/vc_column][\/vc_row][vc_row][vc_column][vc_separator color=&#8221;orange&#8221; border_width=&#8221;5&#8243;][\/vc_column][\/vc_row][vc_row full_width=&#8221;stretch_row_content&#8221; equal_height=&#8221;yes&#8221; content_placement=&#8221;middle&#8221;][vc_column width=&#8221;7\/12&#8243;][vc_single_image image=&#8221;1235&#8243; img_size=&#8221;full&#8221; alignment=&#8221;center&#8221;][\/vc_column][vc_column width=&#8221;1\/3&#8243; css=&#8221;.vc_custom_1485790194228{padding-right: 15% !important;padding-left: 15% !important;}&#8221;][vc_column_text]<\/p>\n<h3 style=\"text-align: center;\">PROP\u00d3N, PREGUNTA, COTIZA<\/h3>\n<p>[\/vc_column_text][vc_column_text]<\/p>\n<p style=\"text-align: center;\">Experiance es una compa\u00f1\u00eda creativa fundada en 2011 con operaci\u00f3n en Colombia y M\u00e9xico atendiendo las necesidades de engagement de clientes a nivel local y regional.<\/p>\n<p>[\/vc_column_text][vc_column_text]<\/p>\n<h5 style=\"text-align: center;\">hola@experiance.com<\/h5>\n<h5 style=\"text-align: center;\">negocios@experiance.com<\/h5>\n<p>[\/vc_column_text][\/vc_column][vc_column width=&#8221;1\/12&#8243;][\/vc_column][\/vc_row]<\/p>\n<\/div>","protected":false},"excerpt":{"rendered":"<p>[vc_row full_width=&#8221;stretch_row&#8221; full_height=&#8221;yes&#8221; video_bg=&#8221;yes&#8221; video_bg_url=&#8221;https:\/\/www.youtube.com\/watch?v=oOdJBQ7FRKs&#8221; css=&#8221;.vc_custom_1668205457996{background-position: center !important;background-repeat: no-repeat !important;background-size: cover !important;}&#8221;][vc_column width=&#8221;1\/6&#8243;][\/vc_column][vc_column width=&#8221;2\/3&#8243;][vc_column_text] Incentivos &amp; convenciones Producimos experiencias de incentivo para convenciones y grupos corporativos [\/vc_column_text][\/vc_column][vc_column width=&#8221;1\/6&#8243;][\/vc_column][\/vc_row][vc_row full_width=&#8221;stretch_row_content&#8221; equal_height=&#8221;yes&#8221; content_placement=&#8221;middle&#8221;][vc_column width=&#8221;1\/12&#8243;][\/vc_column][vc_column width=&#8221;1\/3&#8243; css=&#8221;.vc_custom_1485790194228{padding-right: 15% !important;padding-left: 15% !important;}&#8221;][vc_column_text] VIAJES DE INCENTIVO [\/vc_column_text][vc_column_text]Fidelizar a tus canales y colaboradores no es solo una cuesti\u00f3n de dinero sino [&hellip;]<\/p>\n","protected":false},"author":1,"featured_media":0,"parent":2875,"menu_order":0,"comment_status":"closed","ping_status":"closed","template":"page-full-width.php","meta":{"om_disable_all_campaigns":false,"_monsterinsights_skip_tracking":false,"_monsterinsights_sitenote_active":false,"_monsterinsights_sitenote_note":"","_monsterinsights_sitenote_category":0,"_uf_show_specific_survey":0,"_uf_disable_surveys":false,"footnotes":""},"aioseo_notices":[],"_links":{"self":[{"href":"https:\/\/experiance.com\/index.php\/wp-json\/wp\/v2\/pages\/3226"}],"collection":[{"href":"https:\/\/experiance.com\/index.php\/wp-json\/wp\/v2\/pages"}],"about":[{"href":"https:\/\/experiance.com\/index.php\/wp-json\/wp\/v2\/types\/page"}],"author":[{"embeddable":true,"href":"https:\/\/experiance.com\/index.php\/wp-json\/wp\/v2\/users\/1"}],"replies":[{"embeddable":true,"href":"https:\/\/experiance.com\/index.php\/wp-json\/wp\/v2\/comments?post=3226"}],"version-history":[{"count":8,"href":"https:\/\/experiance.com\/index.php\/wp-json\/wp\/v2\/pages\/3226\/revisions"}],"predecessor-version":[{"id":3233,"href":"https:\/\/experiance.com\/index.php\/wp-json\/wp\/v2\/pages\/3226\/revisions\/3233"}],"up":[{"embeddable":true,"href":"https:\/\/experiance.com\/index.php\/wp-json\/wp\/v2\/pages\/2875"}],"wp:attachment":[{"href":"https:\/\/experiance.com\/index.php\/wp-json\/wp\/v2\/media?parent=3226"}],"curies":[{"name":"wp","href":"https:\/\/api.w.org\/{rel}","templated":true}]}}