{"id":3178,"date":"2023-08-22T18:08:56","date_gmt":"2023-08-22T18:08:56","guid":{"rendered":"http:\/\/experiance.com\/?page_id=3178"},"modified":"2023-08-23T00:58:29","modified_gmt":"2023-08-23T00:58:29","slug":"team-buildings","status":"publish","type":"page","link":"https:\/\/experiance.com\/index.php\/home\/team-buildings\/","title":{"rendered":"Team Buildings"},"content":{"rendered":"<div class=\"wpb-content-wrapper\"><p>[vc_row full_width=&#8221;stretch_row&#8221; full_height=&#8221;yes&#8221; video_bg=&#8221;yes&#8221; video_bg_url=&#8221;https:\/\/www.youtube.com\/watch?v=cXX_fYG-Zc8&#8243; css=&#8221;.vc_custom_1668205457996{background-position: center !important;background-repeat: no-repeat !important;background-size: cover !important;}&#8221;][vc_column width=&#8221;1\/6&#8243;][\/vc_column][vc_column width=&#8221;2\/3&#8243;][vc_column_text]<\/p>\n<h1 class=\"page-title\" style=\"text-align: left;\"><span style=\"color: #ffffff;\">Team Building<\/span><\/h1>\n<h4><span style=\"color: #ffffff;\">Construye lazos duraderos entre colaboradores<\/span><\/h4>\n<p>[\/vc_column_text][\/vc_column][vc_column width=&#8221;1\/6&#8243;][\/vc_column][\/vc_row][vc_row full_width=&#8221;stretch_row_content&#8221; equal_height=&#8221;yes&#8221; content_placement=&#8221;middle&#8221;][vc_column width=&#8221;1\/12&#8243;][\/vc_column][vc_column width=&#8221;1\/3&#8243; css=&#8221;.vc_custom_1485790194228{padding-right: 15% !important;padding-left: 15% !important;}&#8221;][vc_column_text]<\/p>\n<h3>DIRECTORES EN ACCI\u00d3N<\/h3>\n<p>[\/vc_column_text][vc_column_text]La realidad supera a la ficci\u00f3n. Los colaboradoradores crear\u00e1n por equipos un cortometraje que represente los valores y planes de acci\u00f3n de la organizaci\u00f3n. Personificando actores, directores, guionistas y productores deben superar limitaciones de tiempo y recursos para crear una historia de \u00e9xito.[\/vc_column_text][\/vc_column][vc_column width=&#8221;7\/12&#8243;][vc_video link=&#8221;https:\/\/youtu.be\/cXX_fYG-Zc8&#8243; el_width=&#8221;80&#8243; align=&#8221;center&#8221;][\/vc_column][\/vc_row][vc_row][vc_column][vc_separator border_width=&#8221;5&#8243; el_width=&#8221;80&#8243;][\/vc_column][\/vc_row][vc_row full_width=&#8221;stretch_row_content&#8221; equal_height=&#8221;yes&#8221; content_placement=&#8221;middle&#8221;][vc_column width=&#8221;1\/12&#8243;][\/vc_column][vc_column width=&#8221;1\/3&#8243; css=&#8221;.vc_custom_1485790194228{padding-right: 15% !important;padding-left: 15% !important;}&#8221;][vc_column_text]<\/p>\n<h3>LA RECETA DE ORO<\/h3>\n<p>[\/vc_column_text][vc_column_text]Con alegor\u00edas de cocina y lenguaje culinario los equipos deben proponer una estrategia o soluci\u00f3n a un reto organizacional. Cada ingrediente y propuesta culinaria tiene un significado para representar la estrategia y plan de acci\u00f3n de tu empresa. Esa es\u00a0la receta de oro.[\/vc_column_text][vc_btn title=&#8221;Descarga el PDF&#8221; color=&#8221;primary&#8221; link=&#8221;url:http%3A%2F%2Fexperiance.com%2Fwp-content%2Fuploads%2F2023%2F08%2FLa-Receta-de-Oro-Experiance.pdf&#8221;][\/vc_column][vc_column width=&#8221;7\/12&#8243;][vc_separator][vc_video link=&#8221;https:\/\/youtu.be\/MkmFf2z8zUg&#8221; el_width=&#8221;80&#8243; align=&#8221;center&#8221;][\/vc_column][vc_column][\/vc_column][\/vc_row][vc_row][vc_column][vc_separator border_width=&#8221;5&#8243; el_width=&#8221;80&#8243;][\/vc_column][\/vc_row][vc_row full_width=&#8221;stretch_row_content_no_spaces&#8221; equal_height=&#8221;yes&#8221; content_placement=&#8221;middle&#8221; css=&#8221;.vc_custom_1485796811270{margin-bottom: 75px !important;}&#8221;][vc_column width=&#8221;1\/12&#8243;][\/vc_column][vc_column width=&#8221;1\/3&#8243; css=&#8221;.vc_custom_1485790194228{padding-right: 15% !important;padding-left: 15% !important;}&#8221;][vc_column_text]<\/p>\n<h3>L\u00cdDERES ARTESANOS<\/h3>\n<p>[\/vc_column_text][vc_column_text]En esta competencia de fabricaci\u00f3n cada equipo une fuerzas e ingenio para crear un mini mueble sin el uso de clavos. Cada equipo tiene debe evidenciar su capacidad de innovaci\u00f3n, sincron\u00eda y adaptaci\u00f3n cuando sorpresivamente a mitad del proceso el l\u00edder cambia.[\/vc_column_text][\/vc_column][vc_column width=&#8221;7\/12&#8243;][vc_video link=&#8221;https:\/\/youtu.be\/gn1o2n1SDoY&#8221; el_width=&#8221;80&#8243; align=&#8221;center&#8221;][\/vc_column][\/vc_row][vc_row][vc_column][vc_separator color=&#8221;orange&#8221; border_width=&#8221;5&#8243;][\/vc_column][\/vc_row][vc_row full_width=&#8221;stretch_row_content_no_spaces&#8221; equal_height=&#8221;yes&#8221; content_placement=&#8221;middle&#8221; css=&#8221;.vc_custom_1485796811270{margin-bottom: 75px !important;}&#8221;][vc_column width=&#8221;1\/12&#8243;][\/vc_column][vc_column width=&#8221;1\/3&#8243; css=&#8221;.vc_custom_1485790194228{padding-right: 15% !important;padding-left: 15% !important;}&#8221;][vc_column_text]<\/p>\n<h3 style=\"text-align: center;\">PROP\u00d3N, PREGUNTA, COTIZA<\/h3>\n<p>[\/vc_column_text][vc_column_text]<\/p>\n<h5 style=\"text-align: center;\">hola@experiance.com<\/h5>\n<h5 style=\"text-align: center;\">pablo.rabelo@experiance.com<\/h5>\n<p>[\/vc_column_text][vc_column_text]Experiance es una compa\u00f1\u00eda de endomarketing para grandes empresas fundada en 2011 con operaci\u00f3n en Colombia y M\u00e9xico.[\/vc_column_text][\/vc_column][vc_column width=&#8221;7\/12&#8243;][vc_column_text]<\/p>\n<h3 style=\"text-align: center;\">CLIENTES<\/h3>\n<p>[\/vc_column_text][vc_single_image image=&#8221;3100&#8243; img_size=&#8221;medium&#8221; alignment=&#8221;center&#8221;][\/vc_column][\/vc_row][vc_row][vc_column][vc_separator color=&#8221;orange&#8221; border_width=&#8221;5&#8243;][\/vc_column][\/vc_row]<\/p>\n<\/div>","protected":false},"excerpt":{"rendered":"<p>[vc_row full_width=&#8221;stretch_row&#8221; full_height=&#8221;yes&#8221; video_bg=&#8221;yes&#8221; video_bg_url=&#8221;https:\/\/www.youtube.com\/watch?v=cXX_fYG-Zc8&#8243; css=&#8221;.vc_custom_1668205457996{background-position: center !important;background-repeat: no-repeat !important;background-size: cover !important;}&#8221;][vc_column width=&#8221;1\/6&#8243;][\/vc_column][vc_column width=&#8221;2\/3&#8243;][vc_column_text] Team Building Construye lazos duraderos entre colaboradores [\/vc_column_text][\/vc_column][vc_column width=&#8221;1\/6&#8243;][\/vc_column][\/vc_row][vc_row full_width=&#8221;stretch_row_content&#8221; equal_height=&#8221;yes&#8221; content_placement=&#8221;middle&#8221;][vc_column width=&#8221;1\/12&#8243;][\/vc_column][vc_column width=&#8221;1\/3&#8243; css=&#8221;.vc_custom_1485790194228{padding-right: 15% !important;padding-left: 15% !important;}&#8221;][vc_column_text] DIRECTORES EN ACCI\u00d3N [\/vc_column_text][vc_column_text]La realidad supera a la ficci\u00f3n. Los colaboradoradores crear\u00e1n por equipos un cortometraje que represente los valores y planes [&hellip;]<\/p>\n","protected":false},"author":1,"featured_media":0,"parent":2875,"menu_order":0,"comment_status":"closed","ping_status":"closed","template":"","meta":{"om_disable_all_campaigns":false,"_monsterinsights_skip_tracking":false,"_monsterinsights_sitenote_active":false,"_monsterinsights_sitenote_note":"","_monsterinsights_sitenote_category":0,"_uf_show_specific_survey":0,"_uf_disable_surveys":false,"footnotes":""},"aioseo_notices":[],"_links":{"self":[{"href":"https:\/\/experiance.com\/index.php\/wp-json\/wp\/v2\/pages\/3178"}],"collection":[{"href":"https:\/\/experiance.com\/index.php\/wp-json\/wp\/v2\/pages"}],"about":[{"href":"https:\/\/experiance.com\/index.php\/wp-json\/wp\/v2\/types\/page"}],"author":[{"embeddable":true,"href":"https:\/\/experiance.com\/index.php\/wp-json\/wp\/v2\/users\/1"}],"replies":[{"embeddable":true,"href":"https:\/\/experiance.com\/index.php\/wp-json\/wp\/v2\/comments?post=3178"}],"version-history":[{"count":24,"href":"https:\/\/experiance.com\/index.php\/wp-json\/wp\/v2\/pages\/3178\/revisions"}],"predecessor-version":[{"id":3695,"href":"https:\/\/experiance.com\/index.php\/wp-json\/wp\/v2\/pages\/3178\/revisions\/3695"}],"up":[{"embeddable":true,"href":"https:\/\/experiance.com\/index.php\/wp-json\/wp\/v2\/pages\/2875"}],"wp:attachment":[{"href":"https:\/\/experiance.com\/index.php\/wp-json\/wp\/v2\/media?parent=3178"}],"curies":[{"name":"wp","href":"https:\/\/api.w.org\/{rel}","templated":true}]}}