{"id":3125,"date":"2022-11-15T23:01:14","date_gmt":"2022-11-15T23:01:14","guid":{"rendered":"http:\/\/experiance.com\/?page_id=3125"},"modified":"2022-11-22T21:24:09","modified_gmt":"2022-11-22T21:24:09","slug":"sobre-nosotros","status":"publish","type":"page","link":"https:\/\/experiance.com\/index.php\/pages\/sobre-nosotros\/","title":{"rendered":"Sobre nosotros"},"content":{"rendered":"<div class=\"wpb-content-wrapper\"><p>[vc_row full_height=&#8221;yes&#8221; columns_placement=&#8221;stretch&#8221; equal_height=&#8221;yes&#8221; content_placement=&#8221;middle&#8221; columns_height=&#8221;adjust_cols_height&#8221; font_color=&#8221;#ffffff&#8221; background_style=&#8221;normal&#8221; css=&#8221;.vc_custom_1485445612445{background-color: #19233e !important;}&#8221;][vc_column css=&#8221;.vc_custom_1510224491791{background-image: url(https:\/\/mlweaxy0gget.i.optimole.com\/w:auto\/h:auto\/q:mauto\/ig:avif\/http:\/\/experiance.com\/wp-content\/uploads\/2022\/11\/Realizadores-audiovisuales-Experiance-scaled.jpg?id=2783) !important;background-position: center !important;background-repeat: no-repeat !important;background-size: cover !important;}&#8221; offset=&#8221;vc_col-lg-6 vc_col-md-6&#8243;][vc_empty_space height=&#8221;350px&#8221;][\/vc_column][vc_column css=&#8221;.vc_custom_1485446031871{margin-bottom: 0px !important;padding-top: 170px !important;padding-right: 15% !important;padding-bottom: 140px !important;padding-left: 15% !important;}&#8221; offset=&#8221;vc_col-lg-6 vc_col-md-6&#8243;][vc_column_text]<\/p>\n<h1 class=\"page-title on-shop\"><span style=\"color: #ffffff;\">Sobre nosotros<\/span><\/h1>\n<p>[\/vc_column_text][vc_column_text]<\/p>\n<p style=\"text-align: center;\"><span style=\"color: #ffffff;\"><span class=\"char\" title=\"Em Dash\" data-decimal=\"8212\" data-entity=\"&amp;#8212;\" data-id=\"46410\">\u2014<\/span> El studio<\/span><\/p>\n<p>[\/vc_column_text][vc_separator color=&#8221;custom&#8221; accent_color=&#8221;#2c3653&#8243; css=&#8221;.vc_custom_1485445957596{margin-top: 75px !important;margin-bottom: 75px !important;}&#8221;][vc_column_text]<\/p>\n<h3><span style=\"color: #ffffff;\">Aqu\u00ed conocemos el poder de las buenas historias.<\/span><\/h3>\n<p>[\/vc_column_text][vc_row_inner][vc_column_inner width=&#8221;1\/2&#8243;][vc_column_text]<span style=\"color: #ffffff;\">Experiance naci\u00f3 como una agencia creativa experta en crear acciones basadas en dise\u00f1o experiencial para eventos y campa\u00f1as.<\/span><\/p>\n<p><span style=\"color: #ffffff;\">Desde la pandemia nos reinventamos para poner el foco en atender el reto m\u00e1s desafiante del mundo actual: Comunicar constantemente en la era digital del Branded Content.<\/span>[\/vc_column_text][\/vc_column_inner][vc_column_inner width=&#8221;1\/2&#8243;][vc_column_text]<span style=\"color: #ffffff;\">Desde 2011 en Bogot\u00e1 y 2017 en M\u00e9xico DF ejecutamos m\u00e1s de 300 proyectos con compa\u00f1\u00edas top en Colombia, Ecuador, M\u00e9xico, USA y Brasil. <\/span>[\/vc_column_text][vc_empty_space height=&#8221;20px&#8221;][vc_column_text]<\/p>\n<h4><span style=\"color: #ffffff;\">\u00bfQu\u00e9 historia quieres contar?<\/span><\/h4>\n<p>[\/vc_column_text][vc_btn title=&#8221;CONOCE EL PORTAFOLIO&#8221;][\/vc_column_inner][\/vc_row_inner][vc_row_inner][vc_column_inner][vc_custom_heading text=&#8221;P. Rabelo&#8221; font_container=&#8221;tag:h3|text_align:left|color:%23ffffff&#8221; google_fonts=&#8221;font_family:Nothing%20You%20Could%20Do%3Aregular|font_style:400%20regular%3A400%3Anormal&#8221; css=&#8221;.vc_custom_1668554182164{margin-bottom: 0px !important;}&#8221;][\/vc_column_inner][\/vc_row_inner][vc_separator color=&#8221;custom&#8221; accent_color=&#8221;#2c3653&#8243; css=&#8221;.vc_custom_1485446476153{margin-top: 55px !important;margin-bottom: 75px !important;}&#8221;][vc_row_inner css=&#8221;.vc_custom_1443414738032{padding-top: 5px !important;}&#8221;][vc_column_inner width=&#8221;1\/2&#8243;][vc_icon icon_fontawesome=&#8221;fas fa-phone-volume&#8221; color=&#8221;white&#8221; background_style=&#8221;rounded-outline&#8221; size=&#8221;sm&#8221;][vc_column_text]<\/p>\n<h6 style=\"text-align: left;\"><span style=\"color: #ffffff;\"><strong>HABLEMOS<\/strong><\/span><\/h6>\n<p style=\"text-align: left;\"><span style=\"color: #ffffff;\">+57 300 2720433<\/span><br \/>\n<span style=\"color: #ffffff;\">hola@experiance.com<\/span><\/p>\n<p>[\/vc_column_text][\/vc_column_inner][vc_column_inner width=&#8221;1\/2&#8243;][vc_icon icon_fontawesome=&#8221;fas fa-map-marker-alt&#8221; color=&#8221;white&#8221; background_style=&#8221;rounded-outline&#8221; size=&#8221;sm&#8221;][vc_column_text]<\/p>\n<h6 style=\"text-align: left;\"><span style=\"color: #ffffff;\"><strong>AQU\u00cd ESTAMOS<\/strong><\/span><\/h6>\n<p style=\"text-align: left;\"><span style=\"color: #ffffff;\">Calle 98 22-64 P2<\/span><br \/>\n<span style=\"color: #ffffff;\">Bogot\u00e1, Colombia.<\/span><\/p>\n<p>[\/vc_column_text][\/vc_column_inner][\/vc_row_inner][vc_row_inner css=&#8221;.vc_custom_1443414738032{padding-top: 5px !important;}&#8221;][vc_column_inner][vc_icon icon_fontawesome=&#8221;fas fa-briefcase&#8221; color=&#8221;white&#8221; background_style=&#8221;rounded-outline&#8221; size=&#8221;sm&#8221;][vc_column_text]<\/p>\n<h6 style=\"text-align: left;\"><span style=\"color: #ffffff;\"><strong>ESTAMOS CONTRATANDO<\/strong><\/span><\/h6>\n<p style=\"text-align: left;\"><span style=\"color: #ffffff;\">M\u00e1ndanos HV y book a<\/span><br \/>\n<span style=\"color: #ffffff;\">quierotrabajar@experiance.com<\/span><\/p>\n<p>[\/vc_column_text][\/vc_column_inner][\/vc_row_inner][\/vc_column][\/vc_row][vc_row][vc_column][vc_column_text]<\/p>\n<p style=\"text-align: center;\">Todos los derechos reservados. Experiance SAS y F\u00e1brica de Ideas Diferentes de M\u00e9xico SA de CV. \u00a9 2011-2022<\/p>\n<p>[\/vc_column_text][\/vc_column][\/vc_row]<\/p>\n<\/div>","protected":false},"excerpt":{"rendered":"<p>[vc_row full_height=&#8221;yes&#8221; columns_placement=&#8221;stretch&#8221; equal_height=&#8221;yes&#8221; content_placement=&#8221;middle&#8221; columns_height=&#8221;adjust_cols_height&#8221; font_color=&#8221;#ffffff&#8221; background_style=&#8221;normal&#8221; css=&#8221;.vc_custom_1485445612445{background-color: #19233e !important;}&#8221;][vc_column css=&#8221;.vc_custom_1510224491791{background-image: url(https:\/\/mlweaxy0gget.i.optimole.com\/w:auto\/h:auto\/q:mauto\/ig:avif\/http:\/\/experiance.com\/wp-content\/uploads\/2022\/11\/Realizadores-audiovisuales-Experiance-scaled.jpg?id=2783) !important;background-position: center !important;background-repeat: no-repeat !important;background-size: cover !important;}&#8221; offset=&#8221;vc_col-lg-6 vc_col-md-6&#8243;][vc_empty_space height=&#8221;350px&#8221;][\/vc_column][vc_column css=&#8221;.vc_custom_1485446031871{margin-bottom: 0px !important;padding-top: 170px !important;padding-right: 15% !important;padding-bottom: 140px !important;padding-left: 15% !important;}&#8221; offset=&#8221;vc_col-lg-6 vc_col-md-6&#8243;][vc_column_text] Sobre nosotros [\/vc_column_text][vc_column_text] \u2014 El studio [\/vc_column_text][vc_separator color=&#8221;custom&#8221; accent_color=&#8221;#2c3653&#8243; css=&#8221;.vc_custom_1485445957596{margin-top: 75px !important;margin-bottom: 75px !important;}&#8221;][vc_column_text] Aqu\u00ed conocemos el poder de [&hellip;]<\/p>\n","protected":false},"author":1,"featured_media":0,"parent":403,"menu_order":0,"comment_status":"closed","ping_status":"closed","template":"page-full-width.php","meta":{"om_disable_all_campaigns":false,"_monsterinsights_skip_tracking":false,"_monsterinsights_sitenote_active":false,"_monsterinsights_sitenote_note":"","_monsterinsights_sitenote_category":0,"_uf_show_specific_survey":0,"_uf_disable_surveys":false,"footnotes":""},"aioseo_notices":[],"_links":{"self":[{"href":"https:\/\/experiance.com\/index.php\/wp-json\/wp\/v2\/pages\/3125"}],"collection":[{"href":"https:\/\/experiance.com\/index.php\/wp-json\/wp\/v2\/pages"}],"about":[{"href":"https:\/\/experiance.com\/index.php\/wp-json\/wp\/v2\/types\/page"}],"author":[{"embeddable":true,"href":"https:\/\/experiance.com\/index.php\/wp-json\/wp\/v2\/users\/1"}],"replies":[{"embeddable":true,"href":"https:\/\/experiance.com\/index.php\/wp-json\/wp\/v2\/comments?post=3125"}],"version-history":[{"count":25,"href":"https:\/\/experiance.com\/index.php\/wp-json\/wp\/v2\/pages\/3125\/revisions"}],"predecessor-version":[{"id":3157,"href":"https:\/\/experiance.com\/index.php\/wp-json\/wp\/v2\/pages\/3125\/revisions\/3157"}],"up":[{"embeddable":true,"href":"https:\/\/experiance.com\/index.php\/wp-json\/wp\/v2\/pages\/403"}],"wp:attachment":[{"href":"https:\/\/experiance.com\/index.php\/wp-json\/wp\/v2\/media?parent=3125"}],"curies":[{"name":"wp","href":"https:\/\/api.w.org\/{rel}","templated":true}]}}