{"id":2999,"date":"2022-11-09T12:44:06","date_gmt":"2022-11-09T12:44:06","guid":{"rendered":"http:\/\/experiance.com\/?page_id=2999"},"modified":"2024-02-06T04:26:24","modified_gmt":"2024-02-06T04:26:24","slug":"hola","status":"publish","type":"page","link":"https:\/\/experiance.com\/","title":{"rendered":"Hola"},"content":{"rendered":"<div class=\"wpb-content-wrapper\"><p>[vc_row full_width=&#8221;stretch_row&#8221; full_height=&#8221;yes&#8221; video_bg=&#8221;yes&#8221; video_bg_url=&#8221;https:\/\/www.youtube.com\/watch?v=ZU-2TBTX7jg&#8221; css=&#8221;.vc_custom_1668205457996{background-position: center !important;background-repeat: no-repeat !important;background-size: cover !important;}&#8221;][vc_column width=&#8221;1\/6&#8243;][\/vc_column][vc_column width=&#8221;2\/3&#8243;][vc_column_text]<\/p>\n<h1 class=\"page-title\" style=\"text-align: left;\"><span style=\"color: #ffffff;\">Creatividad<\/span><br \/>\n<span style=\"color: #ffffff;\">estrat\u00e9gica<\/span><\/h1>\n<h4><span style=\"color: #ffffff;\">Producimos contenidos y actividades de fidelizaci\u00f3n, engagement y comunicaci\u00f3n<\/span><\/h4>\n<p>[\/vc_column_text][\/vc_column][vc_column width=&#8221;1\/6&#8243;][\/vc_column][\/vc_row][vc_row full_width=&#8221;stretch_row_content&#8221; equal_height=&#8221;yes&#8221; content_placement=&#8221;middle&#8221;][vc_column width=&#8221;1\/12&#8243;][\/vc_column][vc_column width=&#8221;1\/3&#8243; css=&#8221;.vc_custom_1485790194228{padding-right: 15% !important;padding-left: 15% !important;}&#8221;][vc_column_text]<\/p>\n<h3>VIDEOS CORPORATIVOS<\/h3>\n<p>[\/vc_column_text][vc_column_text]Hay que mostrar para vender. Eso cierto dentro y fuera de la organizaci\u00f3n. Con a\u00f1os de experiencia sabemos c\u00f3mo hacerte quedar bien comunicando tus proyectos y resultados.[\/vc_column_text][vc_btn title=&#8221;Ver producci\u00f3n de videos&#8221; color=&#8221;warning&#8221; link=&#8221;url:http%3A%2F%2Fexperiance.com%2Findex.php%2Fhome%2Fvideos-corporativos%2F&#8221;][\/vc_column][vc_column width=&#8221;7\/12&#8243;][vc_video link=&#8221;https:\/\/www.youtube.com\/watch?v=mzYaEjsa7jY&#8221; el_width=&#8221;80&#8243; align=&#8221;center&#8221;][\/vc_column][\/vc_row][vc_row][vc_column][vc_separator border_width=&#8221;5&#8243; el_width=&#8221;80&#8243;][\/vc_column][\/vc_row][vc_row full_width=&#8221;stretch_row_content&#8221; equal_height=&#8221;yes&#8221; content_placement=&#8221;middle&#8221;][vc_column width=&#8221;1\/12&#8243;][\/vc_column][vc_column width=&#8221;1\/3&#8243; css=&#8221;.vc_custom_1485790194228{padding-right: 15% !important;padding-left: 15% !important;}&#8221;][vc_column_text]<\/p>\n<h3>TEAM BUILDINGS<\/h3>\n<p>[\/vc_column_text][vc_column_text]Cada vez es m\u00e1s dif\u00edcil enganchar, retener y consolidar equipos. Para conseguirlo la organizaci\u00f3n debe volverse m\u00e1s creativa y menos formal. Afortunadamente est\u00e1 Experiance para ayudar.[\/vc_column_text][vc_btn title=&#8221;Ver team buildings&#8221; color=&#8221;warning&#8221; link=&#8221;url:http%3A%2F%2Fexperiance.com%2Findex.php%2Fhome%2Fteam-building%2F&#8221;][\/vc_column][vc_column width=&#8221;7\/12&#8243;][vc_separator][vc_video link=&#8221;https:\/\/youtu.be\/cXX_fYG-Zc8&#8243; el_width=&#8221;80&#8243; align=&#8221;center&#8221;][\/vc_column][vc_column][\/vc_column][\/vc_row][vc_row][vc_column][vc_separator border_width=&#8221;5&#8243; el_width=&#8221;80&#8243;][\/vc_column][\/vc_row][vc_row full_width=&#8221;stretch_row_content_no_spaces&#8221; equal_height=&#8221;yes&#8221; content_placement=&#8221;middle&#8221; css=&#8221;.vc_custom_1485796811270{margin-bottom: 75px !important;}&#8221;][vc_column width=&#8221;1\/12&#8243;][\/vc_column][vc_column width=&#8221;1\/3&#8243; css=&#8221;.vc_custom_1485790194228{padding-right: 15% !important;padding-left: 15% !important;}&#8221;][vc_column_text]<\/p>\n<h3>CONVENCIONES E INCENTIVOS<\/h3>\n<p>[\/vc_column_text][vc_column_text]Creamos programas y campa\u00f1as para enganchar a tus colaboradores y canales con efecto duradero.[\/vc_column_text][vc_btn title=&#8221;Ver convenciones&#8221; color=&#8221;warning&#8221; link=&#8221;url:http%3A%2F%2Fexperiance.com%2Findex.php%2Fhome%2Fconvenciones-e-incentivos%2F&#8221;][\/vc_column][vc_column width=&#8221;7\/12&#8243;][vc_video link=&#8221;https:\/\/youtu.be\/9JC1zxrhLTM&#8221; el_width=&#8221;80&#8243; align=&#8221;center&#8221;][\/vc_column][\/vc_row][vc_row][vc_column][vc_separator color=&#8221;orange&#8221; border_width=&#8221;5&#8243;][\/vc_column][\/vc_row][vc_row full_width=&#8221;stretch_row_content_no_spaces&#8221; css=&#8221;.vc_custom_1485792423779{margin-bottom: 75px !important;}&#8221;][vc_column width=&#8221;1\/6&#8243; css=&#8221;.vc_custom_1485785612724{padding-top: 0px !important;padding-bottom: 0px !important;}&#8221;][\/vc_column][vc_column width=&#8221;2\/3&#8243;][vc_column_text]<\/p>\n<h3 style=\"text-align: center;\">CLIENTES<\/h3>\n<p>[\/vc_column_text][vc_column_text]<\/p>\n<h4 style=\"text-align: center;\">Multinacionales de primer nivel en Latinoam\u00e9rica<\/h4>\n<h4 style=\"text-align: center;\">eligen a Experiance.<\/h4>\n<p>[\/vc_column_text][vc_single_image image=&#8221;3100&#8243; img_size=&#8221;large&#8221; alignment=&#8221;center&#8221;][\/vc_column][vc_column width=&#8221;1\/6&#8243;][\/vc_column][\/vc_row][vc_row][vc_column][vc_separator color=&#8221;orange&#8221; border_width=&#8221;5&#8243;][\/vc_column][\/vc_row][vc_row full_width=&#8221;stretch_row_content&#8221; equal_height=&#8221;yes&#8221; content_placement=&#8221;middle&#8221;][vc_column width=&#8221;7\/12&#8243;][vc_single_image image=&#8221;1235&#8243; img_size=&#8221;full&#8221; alignment=&#8221;center&#8221;][\/vc_column][vc_column width=&#8221;1\/3&#8243; css=&#8221;.vc_custom_1485790194228{padding-right: 15% !important;padding-left: 15% !important;}&#8221;][vc_column_text]<\/p>\n<h3 style=\"text-align: center;\">PROP\u00d3N, PREGUNTA, COTIZA<\/h3>\n<p>[\/vc_column_text][vc_column_text]<\/p>\n<p style=\"text-align: center;\">Experiance es una compa\u00f1\u00eda creativa fundada en 2011 con operaci\u00f3n en Colombia y M\u00e9xico atendiendo las necesidades de engagement de clientes a nivel local y regional.<\/p>\n<p>[\/vc_column_text][vc_column_text]<\/p>\n<h5 style=\"text-align: center;\">hola@experiance.com<\/h5>\n<h5 style=\"text-align: center;\">negocios@experiance.com<\/h5>\n<p>[\/vc_column_text][\/vc_column][vc_column width=&#8221;1\/12&#8243;][\/vc_column][\/vc_row]<\/p>\n<\/div>","protected":false},"excerpt":{"rendered":"<p>[vc_row full_width=&#8221;stretch_row&#8221; full_height=&#8221;yes&#8221; video_bg=&#8221;yes&#8221; video_bg_url=&#8221;https:\/\/www.youtube.com\/watch?v=ZU-2TBTX7jg&#8221; css=&#8221;.vc_custom_1668205457996{background-position: center !important;background-repeat: no-repeat !important;background-size: cover !important;}&#8221;][vc_column width=&#8221;1\/6&#8243;][\/vc_column][vc_column width=&#8221;2\/3&#8243;][vc_column_text] Creatividad estrat\u00e9gica Producimos contenidos y actividades de fidelizaci\u00f3n, engagement y comunicaci\u00f3n [\/vc_column_text][\/vc_column][vc_column width=&#8221;1\/6&#8243;][\/vc_column][\/vc_row][vc_row full_width=&#8221;stretch_row_content&#8221; equal_height=&#8221;yes&#8221; content_placement=&#8221;middle&#8221;][vc_column width=&#8221;1\/12&#8243;][\/vc_column][vc_column width=&#8221;1\/3&#8243; css=&#8221;.vc_custom_1485790194228{padding-right: 15% !important;padding-left: 15% !important;}&#8221;][vc_column_text] VIDEOS CORPORATIVOS [\/vc_column_text][vc_column_text]Hay que mostrar para vender. Eso cierto dentro y fuera de la organizaci\u00f3n. Con a\u00f1os de [&hellip;]<\/p>\n","protected":false},"author":1,"featured_media":0,"parent":2875,"menu_order":0,"comment_status":"closed","ping_status":"closed","template":"page-full-width.php","meta":{"om_disable_all_campaigns":false,"_monsterinsights_skip_tracking":false,"_monsterinsights_sitenote_active":false,"_monsterinsights_sitenote_note":"","_monsterinsights_sitenote_category":0,"_uf_show_specific_survey":0,"_uf_disable_surveys":false,"footnotes":""},"aioseo_notices":[],"_links":{"self":[{"href":"https:\/\/experiance.com\/index.php\/wp-json\/wp\/v2\/pages\/2999"}],"collection":[{"href":"https:\/\/experiance.com\/index.php\/wp-json\/wp\/v2\/pages"}],"about":[{"href":"https:\/\/experiance.com\/index.php\/wp-json\/wp\/v2\/types\/page"}],"author":[{"embeddable":true,"href":"https:\/\/experiance.com\/index.php\/wp-json\/wp\/v2\/users\/1"}],"replies":[{"embeddable":true,"href":"https:\/\/experiance.com\/index.php\/wp-json\/wp\/v2\/comments?post=2999"}],"version-history":[{"count":69,"href":"https:\/\/experiance.com\/index.php\/wp-json\/wp\/v2\/pages\/2999\/revisions"}],"predecessor-version":[{"id":3357,"href":"https:\/\/experiance.com\/index.php\/wp-json\/wp\/v2\/pages\/2999\/revisions\/3357"}],"up":[{"embeddable":true,"href":"https:\/\/experiance.com\/index.php\/wp-json\/wp\/v2\/pages\/2875"}],"wp:attachment":[{"href":"https:\/\/experiance.com\/index.php\/wp-json\/wp\/v2\/media?parent=2999"}],"curies":[{"name":"wp","href":"https:\/\/api.w.org\/{rel}","templated":true}]}}